{"id":2155,"date":"2022-11-21T21:42:43","date_gmt":"2022-11-21T20:42:43","guid":{"rendered":"https:\/\/beta.acordinvest.cz\/prodej-bytu-praha-1\/"},"modified":"2023-01-18T08:51:24","modified_gmt":"2023-01-18T07:51:24","slug":"apartments-for-sale-in-prague-1","status":"publish","type":"page","link":"https:\/\/beta.acordinvest.cz\/en\/apartments-for-sale-in-prague-1\/","title":{"rendered":"Apartments for sale in Prague 1"},"content":{"rendered":"\t\t<div data-elementor-type=\"wp-page\" data-elementor-id=\"2155\" class=\"elementor elementor-2155 elementor-36\">\n\t\t\t\t\t\t\t\t\t<section class=\"elementor-section elementor-top-section elementor-element elementor-element-5d275cd elementor-section-boxed elementor-section-height-default elementor-section-height-default\" data-id=\"5d275cd\" data-element_type=\"section\">\n\t\t\t\t\t\t<div class=\"elementor-container elementor-column-gap-default\">\n\t\t\t\t\t<div class=\"elementor-column elementor-col-100 elementor-top-column elementor-element elementor-element-c740afc\" data-id=\"c740afc\" data-element_type=\"column\" data-settings=\"{&quot;background_background&quot;:&quot;classic&quot;}\">\n\t\t\t<div class=\"elementor-widget-wrap elementor-element-populated\">\n\t\t\t\t\t\t\t\t<div class=\"elementor-element elementor-element-0ceeeae elementor-widget elementor-widget-text-editor\" data-id=\"0ceeeae\" data-element_type=\"widget\" data-widget_type=\"text-editor.default\">\n\t\t\t\t<div class=\"elementor-widget-container\">\n\t\t\t<style>\/*! elementor - v3.10.1 - 17-01-2023 *\/\n.elementor-widget-text-editor.elementor-drop-cap-view-stacked .elementor-drop-cap{background-color:#818a91;color:#fff}.elementor-widget-text-editor.elementor-drop-cap-view-framed .elementor-drop-cap{color:#818a91;border:3px solid;background-color:transparent}.elementor-widget-text-editor:not(.elementor-drop-cap-view-default) .elementor-drop-cap{margin-top:8px}.elementor-widget-text-editor:not(.elementor-drop-cap-view-default) .elementor-drop-cap-letter{width:1em;height:1em}.elementor-widget-text-editor .elementor-drop-cap{float:left;text-align:center;line-height:1;font-size:50px}.elementor-widget-text-editor .elementor-drop-cap-letter{display:inline-block}<\/style>\t\t\t\t<p><b>WHY IS IT WORTH BUYING AN APARTMENT IN PRAGUE 1?<\/b><\/p>\n<p><img decoding=\"async\" class=\"emoji\" role=\"img\" draggable=\"false\" src=\"https:\/\/s.w.org\/images\/core\/emoji\/14.0.0\/svg\/25aa.svg\" alt=\"\u25aa\"> 7 reasons why we are a unique developer on the market.<\/p>\n<p><img decoding=\"async\" class=\"emoji\" role=\"img\" draggable=\"false\" src=\"https:\/\/s.w.org\/images\/core\/emoji\/14.0.0\/svg\/25aa.svg\" alt=\"\u25aa\"> Experience and references of our clients.<\/p>\n<p><img decoding=\"async\" class=\"emoji\" role=\"img\" draggable=\"false\" src=\"https:\/\/s.w.org\/images\/core\/emoji\/14.0.0\/svg\/25aa.svg\" alt=\"\u25aa\"> We saved you time! Find out the most common questions and answers. <\/p>\n<p>Are you a downright urban type, like to surround yourself with noise and traffic and want to be in the centre of the action? Then living in the charming district of Prague 1 will be absolutely ideal for you. Why?  <\/p>\n<p><img decoding=\"async\" class=\"emoji\" role=\"img\" draggable=\"false\" src=\"https:\/\/s.w.org\/images\/core\/emoji\/14.0.0\/svg\/25aa.svg\" alt=\"\u25aa\"> Nowhere else will you experience a colourful history with a vibrant present like here.<\/p>\n<p><img decoding=\"async\" class=\"emoji\" role=\"img\" draggable=\"false\" src=\"https:\/\/s.w.org\/images\/core\/emoji\/14.0.0\/svg\/25aa.svg\" alt=\"\u25aa\"> You will always be close to the most important sights in the country.<\/p>\n<p><img decoding=\"async\" class=\"emoji\" role=\"img\" draggable=\"false\" src=\"https:\/\/s.w.org\/images\/core\/emoji\/14.0.0\/svg\/25aa.svg\" alt=\"\u25aa\"> You won&#8217;t have to go far for big shopping either.<\/p>\n<p><img decoding=\"async\" class=\"emoji\" role=\"img\" draggable=\"false\" src=\"https:\/\/s.w.org\/images\/core\/emoji\/14.0.0\/svg\/25aa.svg\" alt=\"\u25aa\"> No one will build and construct behind your back &#8211; in this location, it is more about renovating old buildings. The possibility of development is very limited here, as it is the historic core of the city. <\/p>\n<p><img decoding=\"async\" class=\"emoji\" role=\"img\" draggable=\"false\" src=\"https:\/\/s.w.org\/images\/core\/emoji\/14.0.0\/svg\/25aa.svg\" alt=\"\u25aa\">If you want to rent out your apartment, you can offer a fascinating place to live a stone&#8217;s throw from the most important places in the city. Tourists in particular will appreciate this. <\/p>\n<p>And what awaits you in Prague 1?<\/p>\n<p><b>Cultural monuments<\/b><\/p>\n<p>It is Prague 1 where you will find the most important Czech monuments &#8211; Prague Castle, one of our most important cultural objects, the magical Old Town, where you can easily be transported back centuries, the Lesser Town, Old Town Square with its world-famous astronomical clock, the Jewish Town&#8230; And let&#8217;s not forget the landmark, as it should be, the Pet\u0159\u00edn Lookout Tower!<\/p>\n<p><img decoding=\"async\" class=\"emoji\" role=\"img\" draggable=\"false\" src=\"https:\/\/s.w.org\/images\/core\/emoji\/14.0.0\/svg\/25aa.svg\" alt=\"\u25aa\"> In the past, Prague 1 was home to the largest fountain in the country. It was called the Krocin Fountain. <\/p>\n<p><b>Shopping options<\/b><\/p>\n<p>Do you like to shop? In Prague 1 you will be close to all kinds of shops. For example, you can enjoy shopping at OC Palladium or Kotva on n\u00e1m\u011bst\u00ed Republiky, and on N\u00e1rodn\u00ed t\u0159\u00edda you can go to OD MY. In Na Po\u0159\u00ed\u010d\u00ed Street you can visit the legendary B\u00edl\u00e1 Labut&#8217; (first opened in 1939) and in Na P\u0159\u00edkop\u011b Street you can visit OC Myslbek. By the way &#8211; Na P\u0159\u00edkop\u011b Street is one of the most famous shopping zones not only in our country!    <\/p>\n<p><img decoding=\"async\" class=\"emoji\" role=\"img\" draggable=\"false\" src=\"https:\/\/s.w.org\/images\/core\/emoji\/14.0.0\/svg\/25aa.svg\" alt=\"\u25aa\"> So, without exception, you can easily get everything you need in Prague 1, be it food, clothing or anything else.<\/p>\n<p><b>Neighbourhood and its characteristics<\/b><\/p>\n<p>The Prague 1 district is located in the very heart of the Czech metropolis. It is adjacent to Prague 2, 5, 6, 7 and 8 and includes Hrad\u010dany, Star\u00e9 M\u011bsto, Mal\u00e1 Strana, Josefov, part of Nov\u00e9 M\u011bsto, Vinohrady and Hole\u0161ovice. This part of Prague occupies 553 hectares and has about 30 thousand inhabitants. The Prague 1 Town Hall can be found in Nov\u00e9 M\u011bsto in Vodi\u010dkova Street.   <\/p>\n<p><b>Transport<\/b><\/p>\n<p>Even those who like to get around the city by metro will be excited about living in Prague 1. All three metro lines run through here (A &#8211; M\u016fstek, Muzeum, Malostransk\u00e1, Starom\u011bstsk\u00e1; B &#8211; M\u016fstek, N\u00e1m\u011bst\u00ed Republiky; C &#8211; Hlavn\u00ed n\u00e1dra\u017e\u00ed). The local structure also includes the backbone tram lines 18 and 22, and motorists will be able to travel along the famous N\u00e1rodn\u00ed t\u0159\u00edda and along several embankments.  <\/p>\n<p><b>Sports venues<\/b><\/p>\n<p>The historic part of Prague offers not only monuments, but also several diverse sports venues. To start with, there is the YMCA Sports Centre, located on Na Po\u0159\u00ed\u010d\u00ed Street, where you can even go swimming. On St\u0159eleck\u00fd ostrov there is the Petr \u0160t\u011bp\u00e1nek Tennis School, and in Helichova street there is the Energy Studio, an ideal place for yoga. We can also mention the Na Franti\u0161ku Public Playground or the Masn\u00e1 Sports Complex.   <\/p>\n<p><b>Nature and greenery<\/b><\/p>\n<p>Just because you may live in Prague 1, it doesn&#8217;t mean that it will be far from any greenery and nature. On the contrary! The historic centre offers several places where you can go to take a break from the hustle and bustle of the city, either actively or passively.  <\/p>\n<p>In addition to the Pet\u0159\u00edn Gardens, which are known primarily as a romantic meeting place, there are also the Kinsky Garden, the Lobkowicz Garden and the Vrtbov Garden. Prague 1 includes two islands &#8211; Slovansk\u00fd and St\u0159eleck\u00fd. They also serve the purpose of parks. Among smaller areas, there is the park by the National Museum or the Main Railway Station, or the Franciscan Garden by the Bridge. We can also recommend Lumbe&#8217;s Garden, Chotek&#8217;s Orchards or the Deer Ditch.    <\/p>\n\t\t\t\t\t\t<\/div>\n\t\t\t\t<\/div>\n\t\t\t\t\t<\/div>\n\t\t<\/div>\n\t\t\t\t\t\t\t<\/div>\n\t\t<\/section>\n\t\t\t\t\t\t\t<\/div>\n\t\t","protected":false},"excerpt":{"rendered":"<p>WHY IS IT WORTH BUYING AN APARTMENT IN PRAGUE 1? 7 reasons why we are a unique developer on the market. Experience and references of our clients. We saved you time! Find out the most common questions and answers. Are you a downright urban type, like to surround yourself with noise and traffic and want [&hellip;]<\/p>\n","protected":false},"author":2,"featured_media":0,"parent":0,"menu_order":0,"comment_status":"closed","ping_status":"closed","template":"elementor_header_footer","meta":{"inline_featured_image":false,"footnotes":"","_links_to":"","_links_to_target":""},"class_list":["post-2155","page","type-page","status-publish","hentry"],"acf":[],"_links":{"self":[{"href":"https:\/\/beta.acordinvest.cz\/en\/wp-json\/wp\/v2\/pages\/2155","targetHints":{"allow":["GET"]}}],"collection":[{"href":"https:\/\/beta.acordinvest.cz\/en\/wp-json\/wp\/v2\/pages"}],"about":[{"href":"https:\/\/beta.acordinvest.cz\/en\/wp-json\/wp\/v2\/types\/page"}],"author":[{"embeddable":true,"href":"https:\/\/beta.acordinvest.cz\/en\/wp-json\/wp\/v2\/users\/2"}],"replies":[{"embeddable":true,"href":"https:\/\/beta.acordinvest.cz\/en\/wp-json\/wp\/v2\/comments?post=2155"}],"version-history":[{"count":6,"href":"https:\/\/beta.acordinvest.cz\/en\/wp-json\/wp\/v2\/pages\/2155\/revisions"}],"predecessor-version":[{"id":2411,"href":"https:\/\/beta.acordinvest.cz\/en\/wp-json\/wp\/v2\/pages\/2155\/revisions\/2411"}],"wp:attachment":[{"href":"https:\/\/beta.acordinvest.cz\/en\/wp-json\/wp\/v2\/media?parent=2155"}],"curies":[{"name":"wp","href":"https:\/\/api.w.org\/{rel}","templated":true}]}}